{"id":568,"date":"2021-10-09T14:50:21","date_gmt":"2021-10-09T14:50:21","guid":{"rendered":"http:\/\/uzunaltau.com\/?page_id=568"},"modified":"2021-11-19T19:03:41","modified_gmt":"2021-11-19T19:03:41","slug":"surecimiz","status":"publish","type":"page","link":"https:\/\/uzunaltau.com\/index.php\/surecimiz\/","title":{"rendered":"S\u00fcrecimiz"},"content":{"rendered":"<p>[vc_row cth_layout=&#8221;monolit_page_sec&#8221; sec_number=&#8221;01&#8243; el_id=&#8221;sec1&#8243;][vc_column offset=&#8221;vc_col-md-4&#8243;][monolit_carousel_slider_multiimgs slideimages=&#8221;728,729&#8243;][\/vc_column][vc_column offset=&#8221;vc_col-md-8&#8243;][vc_column_text]<\/p>\n<h2 class=\"section-title\">Fikir ve Ba\u015flang\u0131\u00e7<\/h2>\n<p class=\"no-rep\">I\u015f\u0131kla sanat yap\u0131yoruz. Mimari cepheler, \u015fehir alanlar\u0131, ticari alanlar i\u00e7in b\u00fcy\u00fck \u00f6l\u00e7ekli, ayd\u0131nl\u0131k ve dijital sanat eserleri yarat\u0131yoruz. Mimari projeler ve kamusal alanlar i\u00e7in eserler yaratmak i\u00e7in \u0131\u015f\u0131k, heykel, dijital medya ve interaktif teknolojiyi birle\u015ftiriyoruz. B\u00fcy\u00fck i\u015flerin sayg\u0131l\u0131 ve i\u015fbirlik\u00e7i ili\u015fkilerden do\u011fdu\u011funa inan\u0131yoruz. Ayr\u0131ca bir projede ilham\u0131n zaten var oldu\u011funa ve i\u015fimizin onu ortaya \u00e7\u0131karmak oldu\u011funa inan\u0131yoruz.<\/p>\n<div><\/div>\n<p>[\/vc_column_text][\/vc_column][\/vc_row][vc_row cth_layout=&#8221;monolit_page_sec&#8221; sec_number=&#8221;02&#8243;][vc_column offset=&#8221;vc_col-md-4&#8243;][monolit_carousel_slider_multiimgs slideimages=&#8221;557,558&#8243;][\/vc_column][vc_column offset=&#8221;vc_col-md-8&#8243;][vc_column_text]<\/p>\n<h2 class=\"section-title\">Tasar\u0131m ve Yarat\u0131c\u0131l\u0131k<\/h2>\n<p class=\"no-rep\">Yap\u0131lar\u0131m\u0131zda D\u00fcnya yap\u0131 mimarisi trendleri ile \u0130stanbul&#8217;un al\u0131\u015f\u0131lagelmi\u015f trendlerini birle\u015ftiriyoruz. M\u00fc\u015fterilerimize bir evden \u00e7ok huzurlu bir ya\u015fam ortam\u0131 sa\u011flamak i\u00e7in tasar\u0131mlar\u0131m\u0131z\u0131 ger\u00e7ekle\u015ftiriyoruz.<\/p>\n<p>B\u00fct\u00fcn tasar\u0131m a\u015famalar\u0131nda ara\u015ft\u0131rmalar yaparak kullan\u0131c\u0131 deneyimini g\u00f6z \u00f6n\u00fcnde bulundurarak s\u00fcrekli geli\u015fim sa\u011flama yolunda ilerliyoruz. 48 senelik deneyimimizi sizlere aktarmak i\u00e7in b\u00fct\u00fcn ekibimiz \u00f6zenle \u00e7al\u0131\u015fmakta.[\/vc_column_text][\/vc_column][\/vc_row][vc_row cth_layout=&#8221;monolit_page_sec&#8221; sec_number=&#8221;03&#8243;][vc_column offset=&#8221;vc_col-md-4&#8243;][monolit_carousel_slider_multiimgs slideimages=&#8221;560,559&#8243;][\/vc_column][vc_column offset=&#8221;vc_col-md-8&#8243;][vc_column_text]<\/p>\n<h2 class=\"section-title\">Yap\u0131<\/h2>\n<p class=\"no-rep\">\u00d6zenle olu\u015fturdu\u011fumuz tasar\u0131mlar\u0131m\u0131z\u0131 m\u00fc\u015fterilerimizin g\u00fcvenle ya\u015fayabilecekleri alanlara d\u00f6n\u00fc\u015ft\u00fcrmek i\u00e7in en g\u00fcvenli \u00e7\u00f6z\u00fcmleri kullan\u0131yoruz. Yap\u0131 a\u015famas\u0131nda her a\u015famay\u0131 \u00f6zenle takip ederek tasar\u0131mlar\u0131m\u0131z\u0131n kaliteli yap\u0131lara d\u00f6n\u00fc\u015fmesinden emin oluyoruz.<\/p>\n<p class=\"no-rep\">Uzunal Tau Yap\u0131 sizlere kaliteli, g\u00fcvenli ya\u015fam alanlar\u0131n\u0131 sunarak \u0130stanbulun en g\u00fcvenilir yap\u0131 ve mimari \u015firketi olmak i\u00e7in s\u00fcre\u00e7lerini geli\u015ftirmektedir.<\/p>\n<p>[\/vc_column_text][\/vc_column][\/vc_row]<\/p>\n","protected":false},"excerpt":{"rendered":"<p>[vc_row cth_layout=&#8221;monolit_page_sec&#8221; sec_number=&#8221;01&#8243; el_id=&#8221;sec1&#8243;][vc_column offset=&#8221;vc_col-md-4&#8243;][monolit_carousel_slider_multiimgs slideimages=&#8221;728,729&#8243;][\/vc_column][vc_column offset=&#8221;vc_col-md-8&#8243;][vc_column_text] Fikir ve Ba\u015flang\u0131\u00e7 I\u015f\u0131kla sanat yap\u0131yoruz. Mimari cepheler, \u015fehir alanlar\u0131, ticari alanlar i\u00e7in b\u00fcy\u00fck \u00f6l\u00e7ekli, ayd\u0131nl\u0131k ve dijital sanat eserleri yarat\u0131yoruz. Mimari projeler ve kamusal alanlar i\u00e7in eserler yaratmak i\u00e7in \u0131\u015f\u0131k, heykel, dijital medya ve interaktif teknolojiyi birle\u015ftiriyoruz. B\u00fcy\u00fck i\u015flerin sayg\u0131l\u0131 ve i\u015fbirlik\u00e7i ili\u015fkilerden do\u011fdu\u011funa inan\u0131yoruz. Ayr\u0131ca bir [&hellip;]<\/p>\n","protected":false},"author":1,"featured_media":0,"parent":0,"menu_order":0,"comment_status":"closed","ping_status":"closed","template":"page-fullwidth.php","meta":{"om_disable_all_campaigns":false,"_monsterinsights_skip_tracking":false,"_monsterinsights_sitenote_active":false,"_monsterinsights_sitenote_note":"","_monsterinsights_sitenote_category":0,"footnotes":""},"class_list":["post-568","page","type-page","status-publish","hentry"],"_links":{"self":[{"href":"https:\/\/uzunaltau.com\/index.php\/wp-json\/wp\/v2\/pages\/568","targetHints":{"allow":["GET"]}}],"collection":[{"href":"https:\/\/uzunaltau.com\/index.php\/wp-json\/wp\/v2\/pages"}],"about":[{"href":"https:\/\/uzunaltau.com\/index.php\/wp-json\/wp\/v2\/types\/page"}],"author":[{"embeddable":true,"href":"https:\/\/uzunaltau.com\/index.php\/wp-json\/wp\/v2\/users\/1"}],"replies":[{"embeddable":true,"href":"https:\/\/uzunaltau.com\/index.php\/wp-json\/wp\/v2\/comments?post=568"}],"version-history":[{"count":7,"href":"https:\/\/uzunaltau.com\/index.php\/wp-json\/wp\/v2\/pages\/568\/revisions"}],"predecessor-version":[{"id":828,"href":"https:\/\/uzunaltau.com\/index.php\/wp-json\/wp\/v2\/pages\/568\/revisions\/828"}],"wp:attachment":[{"href":"https:\/\/uzunaltau.com\/index.php\/wp-json\/wp\/v2\/media?parent=568"}],"curies":[{"name":"wp","href":"https:\/\/api.w.org\/{rel}","templated":true}]}}