{"id":662,"date":"2021-10-10T08:36:19","date_gmt":"2021-10-10T08:36:19","guid":{"rendered":"http:\/\/uzunaltau.com\/?page_id=662"},"modified":"2021-11-20T03:41:59","modified_gmt":"2021-11-20T03:41:59","slug":"basin-odasi","status":"publish","type":"page","link":"https:\/\/uzunaltau.com\/index.php\/basin-odasi\/","title":{"rendered":"Bas\u0131n Odas\u0131"},"content":{"rendered":"<p>[vc_row][vc_column][vc_column_text]<\/p>\n<h2 class=\"section-title\">Yaz\u0131l\u0131 Bas\u0131n<\/h2>\n<p>Ulusal bas\u0131nda Uzunal TAU yap\u0131 ile ilgili yay\u0131mlanm\u0131\u015f olan haberleri incelemek ister misiniz?<\/p>\n<p>[\/vc_column_text][\/vc_column][\/vc_row][vc_row][vc_column][monolit_images_gallery_masonry spacing=&#8221;big&#8221; galleryimgs=&#8221;845,846,847,848,849,850,851,852,853,854,855,856&#8243;][\/vc_column][\/vc_row]<\/p>\n","protected":false},"excerpt":{"rendered":"<p>[vc_row][vc_column][vc_column_text] Yaz\u0131l\u0131 Bas\u0131n Ulusal bas\u0131nda Uzunal TAU yap\u0131 ile ilgili yay\u0131mlanm\u0131\u015f olan haberleri incelemek ister misiniz? [\/vc_column_text][\/vc_column][\/vc_row][vc_row][vc_column][monolit_images_gallery_masonry spacing=&#8221;big&#8221; galleryimgs=&#8221;845,846,847,848,849,850,851,852,853,854,855,856&#8243;][\/vc_column][\/vc_row]<\/p>\n","protected":false},"author":1,"featured_media":0,"parent":0,"menu_order":0,"comment_status":"closed","ping_status":"closed","template":"page-fullwidth.php","meta":{"om_disable_all_campaigns":false,"_monsterinsights_skip_tracking":false,"_monsterinsights_sitenote_active":false,"_monsterinsights_sitenote_note":"","_monsterinsights_sitenote_category":0,"footnotes":""},"class_list":["post-662","page","type-page","status-publish","hentry"],"_links":{"self":[{"href":"https:\/\/uzunaltau.com\/index.php\/wp-json\/wp\/v2\/pages\/662","targetHints":{"allow":["GET"]}}],"collection":[{"href":"https:\/\/uzunaltau.com\/index.php\/wp-json\/wp\/v2\/pages"}],"about":[{"href":"https:\/\/uzunaltau.com\/index.php\/wp-json\/wp\/v2\/types\/page"}],"author":[{"embeddable":true,"href":"https:\/\/uzunaltau.com\/index.php\/wp-json\/wp\/v2\/users\/1"}],"replies":[{"embeddable":true,"href":"https:\/\/uzunaltau.com\/index.php\/wp-json\/wp\/v2\/comments?post=662"}],"version-history":[{"count":7,"href":"https:\/\/uzunaltau.com\/index.php\/wp-json\/wp\/v2\/pages\/662\/revisions"}],"predecessor-version":[{"id":857,"href":"https:\/\/uzunaltau.com\/index.php\/wp-json\/wp\/v2\/pages\/662\/revisions\/857"}],"wp:attachment":[{"href":"https:\/\/uzunaltau.com\/index.php\/wp-json\/wp\/v2\/media?parent=662"}],"curies":[{"name":"wp","href":"https:\/\/api.w.org\/{rel}","templated":true}]}}