{"id":75,"date":"2016-02-19T16:17:17","date_gmt":"2016-02-19T16:17:17","guid":{"rendered":"http:\/\/demowp.cththemes.net\/monolit\/?page_id=75"},"modified":"2021-11-19T19:05:29","modified_gmt":"2021-11-19T19:05:29","slug":"hakkimizda","status":"publish","type":"page","link":"https:\/\/uzunaltau.com\/index.php\/hakkimizda\/","title":{"rendered":"Hakk\u0131m\u0131zda"},"content":{"rendered":"<p>[vc_row cth_layout=&#8221;monolit_page_sec&#8221; el_id=&#8221;sec1&#8243;][vc_column offset=&#8221;vc_col-md-8&#8243;][vc_column_text]<\/p>\n<h2 class=\"section-title\">Biz Kimiz?<\/h2>\n<p class=\"no-rep\">Uzunal Tau Yap\u0131, 48 y\u0131ll\u0131k deneyimini g\u00fcn\u00fcm\u00fcz \u00e7a\u011fda\u015f mimarisi ile birle\u015ftirerek, mimarinin en g\u00fczel \u00f6rneklerini yans\u0131tan bir\u00e7ok \u00fcst yap\u0131 projesinin alt\u0131na ad\u0131n\u0131 yazd\u0131rm\u0131\u015ft\u0131r.<\/p>\n<p class=\"no-rep\">Sa\u011flam temeller \u00fczerine kurulan ve yap\u0131 sekt\u00f6r\u00fcnde \u00f6nemli bir yere sahip olan Uzunal Tau Yap\u0131, kalite ve g\u00fcveni harmanlayarak olu\u015fturdu\u011fu projeleri ba\u015far\u0131l\u0131 bir \u015fekilde tamamlaman\u0131n gururunu ya\u015famaktad\u0131r.<\/p>\n<div class=\"process-box\">\n<h3>Nas\u0131l Yapar\u0131z<\/h3>\n<ul class=\"creat-list\">\n<li><a href=\"http:\/\/uzunaltau.com\/index.php\/surecimiz\/\">Fikir&amp;Ba\u015flang\u0131\u00e7<\/a><\/li>\n<li><a href=\"http:\/\/uzunaltau.com\/index.php\/surecimiz\/\">Tasar\u0131m&amp;Yarat\u0131c\u0131l\u0131k<\/a><\/li>\n<li><a href=\"http:\/\/uzunaltau.com\/index.php\/surecimiz\/\">Yap\u0131<\/a><\/li>\n<\/ul>\n<\/div>\n<p>[\/vc_column_text][\/vc_column][vc_column offset=&#8221;vc_col-md-4&#8243;][monolit_parallax_box box_pos=&#8221;center&#8221;]<img loading=\"lazy\" decoding=\"async\" class=\"alignnone size-medium wp-image-650\" src=\"http:\/\/uzunaltau.com\/wp-content\/uploads\/2021\/10\/01-2-300x216.jpg\" alt=\"\" width=\"300\" height=\"216\" srcset=\"https:\/\/uzunaltau.com\/wp-content\/uploads\/2021\/10\/01-2-300x216.jpg 300w, https:\/\/uzunaltau.com\/wp-content\/uploads\/2021\/10\/01-2.jpg 505w\" sizes=\"auto, (max-width: 300px) 100vw, 300px\" \/>[\/monolit_parallax_box][\/vc_column][\/vc_row][vc_row cth_layout=&#8221;monolit_page_dark_sec&#8221; parallax_inner_op=&#8221;0.8&#8243; parallax_inner=&#8221;13&#8243; el_id=&#8221;sec2&#8243;][vc_column][vc_row_inner][vc_column_inner offset=&#8221;vc_col-md-4&#8243;][vc_column_text]<\/p>\n<h2 class=\"section-title\">Hakk\u0131m\u0131zda<\/h2>\n<p>[\/vc_column_text][\/vc_column_inner][vc_column_inner offset=&#8221;vc_col-md-8&#8243;][vc_column_text]<\/p>\n<p class=\"no-rep\">Uzunal Tau Yap\u0131, bug\u00fcn bulundu\u011fu noktada gerek \u00fclkemizin in\u015faat alan\u0131ndaki ilerlemelerini gerekse d\u00fcnyadaki geli\u015fmeleri detayl\u0131 bir \u015fekilde takip etmekte ve projelerini s\u00fcrekli g\u00fcncellemektedir. Y\u00fcksek standartlara ula\u015fmay\u0131 bir hedef de\u011fil g\u00f6rev olarak de\u011ferlendiren yap\u0131s\u0131 ve her referans\u0131 ile kendini bir kez daha ispat eden mimari yap\u0131 ve proje anlay\u0131\u015f\u0131 ile se\u00e7kin firmalar aras\u0131nda yerini alm\u0131\u015ft\u0131r. Uzunal Tau Yap\u0131 konut ve ticari projelerindeki t\u00fcm \u00e7al\u0131\u015fmalar\u0131nda uzmanl\u0131k ve bilginin \u00f6nemini her zaman dikkate alm\u0131\u015ft\u0131r. Zemin ko\u015fullar\u0131ndan b\u00f6lgesel etkilere, \u00e7evre d\u00fczenlemelerinden i\u00e7 alanlar\u0131n tasar\u0131m ve uygulamas\u0131na, projelerin her a\u015famada tamamlanmas\u0131ndan uygulama projelerine kadar her t\u00fcr mimari konunun \u00e7al\u0131\u015fma alan\u0131nda bulunan Uzunal Tau Yap\u0131, birlikte \u00e7al\u0131\u015ft\u0131\u011f\u0131 kurum ve ki\u015filer ile her zaman g\u00fc\u00e7l\u00fc ili\u015fkiler kurmu\u015ftur. Ya\u015fam alanlar\u0131n\u0131, \u201chayat\u0131n y\u00fckselen de\u011ferleri\u201d olarak alg\u0131layan ve bu anlamda insan ya\u015fam\u0131n\u0131n huzurlu ve konforlu ortamlarda \u00e7ok daha \u00fcretken ve mutlu s\u00fcrd\u00fcr\u00fclebildi\u011finin bilinci ile \u00fclkemizin sayg\u0131n in\u015faat firmalar\u0131ndan biri olan Uzunal Tau Yap\u0131 halen devam eden ve tamamlanm\u0131\u015f projelerini sizlerle payla\u015fmaktan gurur ve mutluluk duymaktad\u0131r.<\/p>\n<p>[\/vc_column_text][\/vc_column_inner][\/vc_row_inner][\/vc_column][\/vc_row][vc_row cth_layout=&#8221;monolit_page_sec&#8221; el_id=&#8221;sec4&#8243;][vc_column][vc_column_text]<\/p>\n<h2 class=\"section-title dec-title\">Tarih\u00e7e<\/h2>\n<p class=\"no-rep\">Uzunal Tau Yap\u0131 ge\u00e7mi\u015ften g\u00fcn\u00fcm\u00fcze \u00f6zellikle \u0130stanbul\u2019un ruhuna ve \u015fehrin dokusuna uygun kal\u0131c\u0131 eserler \u00fcretmi\u015f ve \u00fcretmeye devam etmektedir.<\/p>\n<p>[\/vc_column_text][monolit_timelines order=&#8221;ASC&#8221;][vc_column_text]<\/p>\n<div class=\"custom-link-holder\"><a class=\"btn anim-button\" href=\"http:\/\/uzunaltau.com\/index.php\/iletisim\/\" data-top-bottom=\"transform: translateY(-50px);\" data-bottom-top=\"transform: translateY(50px);\"><span class=\"no-rep\">\u0130leti\u015fim<\/span><i class=\"fa fa-long-arrow-right\"><\/i><\/a><\/div>\n<p>[\/vc_column_text][\/vc_column][\/vc_row]<\/p>\n","protected":false},"excerpt":{"rendered":"<p>[vc_row cth_layout=&#8221;monolit_page_sec&#8221; el_id=&#8221;sec1&#8243;][vc_column offset=&#8221;vc_col-md-8&#8243;][vc_column_text] Biz Kimiz? Uzunal Tau Yap\u0131, 48 y\u0131ll\u0131k deneyimini g\u00fcn\u00fcm\u00fcz \u00e7a\u011fda\u015f mimarisi ile birle\u015ftirerek, mimarinin en g\u00fczel \u00f6rneklerini yans\u0131tan bir\u00e7ok \u00fcst yap\u0131 projesinin alt\u0131na ad\u0131n\u0131 yazd\u0131rm\u0131\u015ft\u0131r. Sa\u011flam temeller \u00fczerine kurulan ve yap\u0131 sekt\u00f6r\u00fcnde \u00f6nemli bir yere sahip olan Uzunal Tau Yap\u0131, kalite ve g\u00fcveni harmanlayarak olu\u015fturdu\u011fu projeleri ba\u015far\u0131l\u0131 bir \u015fekilde tamamlaman\u0131n gururunu [&hellip;]<\/p>\n","protected":false},"author":1,"featured_media":0,"parent":0,"menu_order":0,"comment_status":"closed","ping_status":"closed","template":"page-fullwidth.php","meta":{"om_disable_all_campaigns":false,"_monsterinsights_skip_tracking":false,"_monsterinsights_sitenote_active":false,"_monsterinsights_sitenote_note":"","_monsterinsights_sitenote_category":0,"footnotes":""},"class_list":["post-75","page","type-page","status-publish","hentry"],"_links":{"self":[{"href":"https:\/\/uzunaltau.com\/index.php\/wp-json\/wp\/v2\/pages\/75","targetHints":{"allow":["GET"]}}],"collection":[{"href":"https:\/\/uzunaltau.com\/index.php\/wp-json\/wp\/v2\/pages"}],"about":[{"href":"https:\/\/uzunaltau.com\/index.php\/wp-json\/wp\/v2\/types\/page"}],"author":[{"embeddable":true,"href":"https:\/\/uzunaltau.com\/index.php\/wp-json\/wp\/v2\/users\/1"}],"replies":[{"embeddable":true,"href":"https:\/\/uzunaltau.com\/index.php\/wp-json\/wp\/v2\/comments?post=75"}],"version-history":[{"count":12,"href":"https:\/\/uzunaltau.com\/index.php\/wp-json\/wp\/v2\/pages\/75\/revisions"}],"predecessor-version":[{"id":731,"href":"https:\/\/uzunaltau.com\/index.php\/wp-json\/wp\/v2\/pages\/75\/revisions\/731"}],"wp:attachment":[{"href":"https:\/\/uzunaltau.com\/index.php\/wp-json\/wp\/v2\/media?parent=75"}],"curies":[{"name":"wp","href":"https:\/\/api.w.org\/{rel}","templated":true}]}}